{"id":6811,"date":"2024-02-11T19:52:38","date_gmt":"2024-02-11T18:52:38","guid":{"rendered":"https:\/\/classy-vibe.com\/?post_type=product&#038;p=6811"},"modified":"2025-12-23T14:44:36","modified_gmt":"2025-12-23T13:44:36","slug":"igracka-hidroavion","status":"publish","type":"product","link":"https:\/\/classy-vibe.com\/ru\/proizvod\/igracka-hidroavion\/","title":{"rendered":"Igra\u010dka &#8211; Hidroavion"},"content":{"rendered":"<p>Metal, LED<\/p>\n<p><strong>Va\u017eno:<\/strong> Preporu\u010dujemo da uvek kupujete igra\u010dku prilago\u0111enu uzrastu deteta i da dete ne ostavljate samo sa igra\u010dkama bez prisustva odraslih osoba.<\/p>","protected":false},"excerpt":{"rendered":"<p>Poletite u svet ma\u0161te i avanture s na\u0161im hidroavionom. Ova prelepa igra\u010dka izra\u0111ena je od visokokvalitetnih metala kako bi pru\u017eila autenti\u010dan i izdr\u017eljiv do\u017eivljaj igre.<\/p>\n<p>Hidroavion, je avion koji mo\u017ee sletati na vodu i kopno. Ovi prelepi avioni imaju posebnu estetiku koja kombinuje eleganciju aviona s funkcionalno\u0161\u0107u \u010damca. Na\u0161 metalni hidroavion savr\u0161eno odra\u017eava tu \u010darobnu kombinaciju.<\/p>\n<p>Svojim klasi\u010dnim dizajnom i detaljima, na\u0161 metalni hidroavion pri\u010da pri\u010du o neustra\u0161ivim istra\u017eiva\u010dima i hrabrim pilotima. Svaki element, od krila do propelera, izra\u0111en je s pa\u017enjom kako bi se osigurao autenti\u010dni izgled.<\/p>\n<p><strong>Kupite odmah na\u0161 hidoravion jer \u0107e mu se dete veoma obradovati.<\/strong><\/p>\n<p>Osim \u0161to predstavlja predmet za igru i zabavu, hidroavion je i simbol putovanja, otkrivanja novih mesta i avanture. Zami\u0161ljajte svoje dete kako se igra s na\u0161im metalnim hidroavionom, stvaraju\u0107i svoje pri\u010de o hrabrim letovima iznad okeana ili otkrivanju skrivenih ostrva. Tako\u0111e, ovaj avion opremljen je i za &#8222;no\u0107ni let&#8220; i to LED svetlima.<\/p>\n<p>S na\u0161im metalnim hidroavionom, ma\u0161tarije dobijaju krila. Ovo nije samo igra\u010dka &#8211; to je poziv na avanturu, putovanje u svet beskrajnih mogu\u0107nosti.<\/p>\n<p><em>Prilikom naru\u010divanja proizvoda registrujte svoj nalog kako bi posle bili u mou\u0107nosti da ostavite recenziju i fotografiju proizvoda koji ste kupili. Drugim kupcima \u0107e zna\u010diti Va\u0161e mi\u0161ljenje.<\/em><\/p>\n<p>U slu\u010daju da niste zadovoljni sa proizvodom mo\u017eete ga vratiti a mi \u0107emo Vama vratiti novac u vrednosti naru\u010denog proizvoda. <a href=\"https:\/\/classy-vibe.com\/ru\/pravo-na-odustajanje-od-kupovine-i-vracanje-robe\/\">Detaljnije<\/a>.<\/p>","protected":false},"featured_media":7050,"comment_status":"closed","ping_status":"closed","template":"","meta":[],"product_brand":[],"product_cat":[128,129],"product_tag":[116,115,176,177],"class_list":{"0":"post-6811","1":"product","2":"type-product","3":"status-publish","4":"has-post-thumbnail","6":"product_cat-pokloni-za-decu","7":"product_cat-sve-za-decu","8":"product_tag-hidroavion","9":"product_tag-igracka-avion","10":"product_tag-poklon-za-decu","11":"product_tag-poklon-za-dete","13":"first","14":"instock","15":"shipping-taxable","16":"purchasable","17":"product-type-variable"},"_links":{"self":[{"href":"https:\/\/classy-vibe.com\/ru\/wp-json\/wp\/v2\/product\/6811","targetHints":{"allow":["GET"]}}],"collection":[{"href":"https:\/\/classy-vibe.com\/ru\/wp-json\/wp\/v2\/product"}],"about":[{"href":"https:\/\/classy-vibe.com\/ru\/wp-json\/wp\/v2\/types\/product"}],"replies":[{"embeddable":true,"href":"https:\/\/classy-vibe.com\/ru\/wp-json\/wp\/v2\/comments?post=6811"}],"wp:featuredmedia":[{"embeddable":true,"href":"https:\/\/classy-vibe.com\/ru\/wp-json\/wp\/v2\/media\/7050"}],"wp:attachment":[{"href":"https:\/\/classy-vibe.com\/ru\/wp-json\/wp\/v2\/media?parent=6811"}],"wp:term":[{"taxonomy":"product_brand","embeddable":true,"href":"https:\/\/classy-vibe.com\/ru\/wp-json\/wp\/v2\/product_brand?post=6811"},{"taxonomy":"product_cat","embeddable":true,"href":"https:\/\/classy-vibe.com\/ru\/wp-json\/wp\/v2\/product_cat?post=6811"},{"taxonomy":"product_tag","embeddable":true,"href":"https:\/\/classy-vibe.com\/ru\/wp-json\/wp\/v2\/product_tag?post=6811"}],"curies":[{"name":"wp","href":"https:\/\/api.w.org\/{rel}","templated":true}]}}