{"id":6761,"date":"2024-02-11T15:58:13","date_gmt":"2024-02-11T14:58:13","guid":{"rendered":"https:\/\/classy-vibe.com\/?post_type=product&#038;p=6761"},"modified":"2026-04-13T11:06:05","modified_gmt":"2026-04-13T09:06:05","slug":"buda-zlatno-bela-figura","status":"publish","type":"product","link":"https:\/\/classy-vibe.com\/ru\/proizvod\/buda-zlatno-bela-figura\/","title":{"rendered":"Buda &#8211; figura"},"content":{"rendered":"<p>Resin<br \/>\nBoje: zlatna, bela<\/p>","protected":false},"excerpt":{"rendered":"<p>Buda, \u010dije ime zna\u010di &#8222;budenje&#8220; ili &#8222;probu\u0111eni&#8220;, je centralna figura u budizmu. Simbolizuje prosvetljenje, mir, mudrost i saose\u0107anje. U osnovi, Buda je u\u010ditelj koji je postigao prosvetljenje ili &#8222;budnost&#8220;.<\/p>\n<p>Figura Bude simbolizuje put prosvetljenja. Njegova filozofija je fokusirana na svest o trenutku, samospoznaju, saose\u0107anje prema svim \u017eivim bi\u0107ima i odsustvo patnje.<\/p>\n<p>Predivna figura koju mo\u017eete postaviti na sto, policu, u dnevnom boravku, spava\u0107oj sobi ili pak kancelariji. Idealna je za salone masa\u017ee.<br \/>\nTako\u0111e, predivan poklon za one koje volite.<\/p>","protected":false},"featured_media":6764,"comment_status":"closed","ping_status":"closed","template":"","meta":[],"product_brand":[],"product_cat":[127,22],"product_tag":[103,102],"class_list":{"0":"post-6761","1":"product","2":"type-product","3":"status-publish","4":"has-post-thumbnail","6":"product_cat-posebni-pokloni","7":"product_cat-dekoracija","8":"product_tag-buda-figura","9":"product_tag-figura-bude","11":"first","12":"instock","13":"shipping-taxable","14":"purchasable","15":"product-type-variable"},"_links":{"self":[{"href":"https:\/\/classy-vibe.com\/ru\/wp-json\/wp\/v2\/product\/6761","targetHints":{"allow":["GET"]}}],"collection":[{"href":"https:\/\/classy-vibe.com\/ru\/wp-json\/wp\/v2\/product"}],"about":[{"href":"https:\/\/classy-vibe.com\/ru\/wp-json\/wp\/v2\/types\/product"}],"replies":[{"embeddable":true,"href":"https:\/\/classy-vibe.com\/ru\/wp-json\/wp\/v2\/comments?post=6761"}],"wp:featuredmedia":[{"embeddable":true,"href":"https:\/\/classy-vibe.com\/ru\/wp-json\/wp\/v2\/media\/6764"}],"wp:attachment":[{"href":"https:\/\/classy-vibe.com\/ru\/wp-json\/wp\/v2\/media?parent=6761"}],"wp:term":[{"taxonomy":"product_brand","embeddable":true,"href":"https:\/\/classy-vibe.com\/ru\/wp-json\/wp\/v2\/product_brand?post=6761"},{"taxonomy":"product_cat","embeddable":true,"href":"https:\/\/classy-vibe.com\/ru\/wp-json\/wp\/v2\/product_cat?post=6761"},{"taxonomy":"product_tag","embeddable":true,"href":"https:\/\/classy-vibe.com\/ru\/wp-json\/wp\/v2\/product_tag?post=6761"}],"curies":[{"name":"wp","href":"https:\/\/api.w.org\/{rel}","templated":true}]}}