{"id":2533,"date":"2023-03-31T03:11:15","date_gmt":"2023-03-31T01:11:15","guid":{"rendered":"https:\/\/classy-vibe.com\/?post_type=product&#038;p=2533"},"modified":"2024-04-07T21:59:33","modified_gmt":"2024-04-07T19:59:33","slug":"podesivo-postolje-za-laptop-sa-led-ventilatorima-za-hladjenje","status":"publish","type":"product","link":"https:\/\/classy-vibe.com\/ru\/proizvod\/podesivo-postolje-za-laptop-sa-led-ventilatorima-za-hladjenje\/","title":{"rendered":"Podesivo postolje za laptop sa LED ventilatorima za hla\u0111enje"},"content":{"rendered":"<p>Ventilator (kuler) za hla\u0111enje \u2013 povezan preko USB-a<br \/>\nUSB kabl<br \/>\nPodesiva visina<br \/>\nSavr\u0161en za fotelju, krevet, kola, pod ili bilo koje drugo mesto<br \/>\nPode\u0161ava se u nekoliko sekundi<br \/>\nUltra tanak<br \/>\nNa dnu stola nalazi se osigura\u010d koji omogucava dodatnu stabilnost laptopa, knjige, notebook-a na stolu<\/p>\n<p>Dimenzije:<br \/>\n36.5 cm x 26.5 cm x 3 cm<br \/>\nMaterijal: Metal<br \/>\n2 ventilatora za hla\u0111enje, dva USB porta, podesivi ugao, rashladna podloga<\/p>","protected":false},"excerpt":{"rendered":"<p>Jednostavan i prakti\u010dan rasklopivi sto za laptop sa LED kulerima<\/p>\n<p>U\u017eivajte satima na laptopu &#8211; istovremeno \u010duvajte svoju ma\u0161inu.<br \/>\nNajgora stvar koju mo\u017eete u\u010diniti kada Va\u0161 laptop radi je da ga satima dr\u017eite uklju\u010denim bez cirkulacije vazduha na krevetu, pokriva\u010du, kancelariji&#8230;<br \/>\nPodloga sa kulerom je neophodan dodatak, a ne luksuz.<\/p>\n<p>Pogodna za sve laptopove ispod 17 in\u010da.<br \/>\nPoma\u017ee u za\u0161titi hladnjaka laptopa i smanjenju pada sistema u okru\u017eenju bez buke.<br \/>\nUgra\u0111ena 2 ventilatora koje tiho rade<br \/>\n5 horizontalnih uglova se mogu podesiti kako bi zadovoljili va\u0161e razli\u010dite zahteve visine.<br \/>\n\u010cvrsto postolje za laptop mo\u017ee pove\u0107ati protok vazduha i smanjiti temperaturu celog laptopa, \u0161to poma\u017ee u spre\u010davanju nepotrebnih problema sa toplotom u laptopu.<\/p>","protected":false},"featured_media":2534,"comment_status":"open","ping_status":"closed","template":"","meta":[],"product_brand":[],"product_cat":[23],"product_tag":[],"class_list":{"0":"post-2533","1":"product","2":"type-product","3":"status-publish","4":"has-post-thumbnail","6":"product_cat-pametni-uredjaji","8":"first","9":"outofstock","10":"shipping-taxable","11":"purchasable","12":"product-type-simple"},"_links":{"self":[{"href":"https:\/\/classy-vibe.com\/ru\/wp-json\/wp\/v2\/product\/2533","targetHints":{"allow":["GET"]}}],"collection":[{"href":"https:\/\/classy-vibe.com\/ru\/wp-json\/wp\/v2\/product"}],"about":[{"href":"https:\/\/classy-vibe.com\/ru\/wp-json\/wp\/v2\/types\/product"}],"replies":[{"embeddable":true,"href":"https:\/\/classy-vibe.com\/ru\/wp-json\/wp\/v2\/comments?post=2533"}],"wp:featuredmedia":[{"embeddable":true,"href":"https:\/\/classy-vibe.com\/ru\/wp-json\/wp\/v2\/media\/2534"}],"wp:attachment":[{"href":"https:\/\/classy-vibe.com\/ru\/wp-json\/wp\/v2\/media?parent=2533"}],"wp:term":[{"taxonomy":"product_brand","embeddable":true,"href":"https:\/\/classy-vibe.com\/ru\/wp-json\/wp\/v2\/product_brand?post=2533"},{"taxonomy":"product_cat","embeddable":true,"href":"https:\/\/classy-vibe.com\/ru\/wp-json\/wp\/v2\/product_cat?post=2533"},{"taxonomy":"product_tag","embeddable":true,"href":"https:\/\/classy-vibe.com\/ru\/wp-json\/wp\/v2\/product_tag?post=2533"}],"curies":[{"name":"wp","href":"https:\/\/api.w.org\/{rel}","templated":true}]}}